{"id":141,"date":"2021-07-22T11:07:22","date_gmt":"2021-07-22T09:07:22","guid":{"rendered":"http:\/\/wartakielce.pl\/?page_id=141"},"modified":"2021-07-24T18:27:01","modified_gmt":"2021-07-24T16:27:01","slug":"komunikacja-2","status":"publish","type":"page","link":"http:\/\/wartakielce.pl\/?page_id=141","title":{"rendered":"MAJ\u0104TEK"},"content":{"rendered":"\t\t<div data-elementor-type=\"wp-page\" data-elementor-id=\"141\" class=\"elementor elementor-141\">\n\t\t\t\t\t\t<section class=\"elementor-section elementor-top-section elementor-element elementor-element-c3b914f elementor-section-boxed elementor-section-height-default elementor-section-height-default\" data-id=\"c3b914f\" data-element_type=\"section\" data-e-type=\"section\">\n\t\t\t\t\t\t<div class=\"elementor-container elementor-column-gap-default\">\n\t\t\t\t\t<div class=\"elementor-column elementor-col-100 elementor-top-column elementor-element elementor-element-10e4678\" data-id=\"10e4678\" data-element_type=\"column\" data-e-type=\"column\">\n\t\t\t<div class=\"elementor-widget-wrap elementor-element-populated\">\n\t\t\t\t\t\t<div class=\"elementor-element elementor-element-91471c6 elementor-invisible elementor-widget elementor-widget-image\" data-id=\"91471c6\" data-element_type=\"widget\" data-e-type=\"widget\" data-settings=\"{&quot;_animation&quot;:&quot;fadeInDown&quot;}\" data-widget_type=\"image.default\">\n\t\t\t\t<div class=\"elementor-widget-container\">\n\t\t\t\t\t\t\t\t\t\t\t\t\t\t\t<img decoding=\"async\" src=\"http:\/\/wartakielce.pl\/wp-content\/uploads\/elementor\/thumbs\/warta_logo-p5fbslmx0cscq888as2ep4gdan42zbjznfgej2d7wg.jpg\" title=\"warta_logo\" alt=\"warta_logo\" loading=\"lazy\" \/>\t\t\t\t\t\t\t\t\t\t\t\t\t\t\t<\/div>\n\t\t\t\t<\/div>\n\t\t\t\t<div class=\"elementor-element elementor-element-5ebb446 elementor-widget elementor-widget-accordion\" data-id=\"5ebb446\" data-element_type=\"widget\" data-e-type=\"widget\" data-widget_type=\"accordion.default\">\n\t\t\t\t<div class=\"elementor-widget-container\">\n\t\t\t\t\t\t\t<div class=\"elementor-accordion\">\n\t\t\t\t\t\t\t<div class=\"elementor-accordion-item\">\n\t\t\t\t\t<div id=\"elementor-tab-title-9931\" class=\"elementor-tab-title\" data-tab=\"1\" role=\"button\" aria-controls=\"elementor-tab-content-9931\" aria-expanded=\"false\">\n\t\t\t\t\t\t\t\t\t\t\t\t\t<span class=\"elementor-accordion-icon elementor-accordion-icon-left\" aria-hidden=\"true\">\n\t\t\t\t\t\t\t\t\t\t\t\t\t\t\t<span class=\"elementor-accordion-icon-closed\"><i class=\"fas fa-chevron-down\"><\/i><\/span>\n\t\t\t\t\t\t\t\t<span class=\"elementor-accordion-icon-opened\"><i class=\"fas fa-chevron-up\"><\/i><\/span>\n\t\t\t\t\t\t\t\t\t\t\t\t\t\t<\/span>\n\t\t\t\t\t\t\t\t\t\t\t\t<a class=\"elementor-accordion-title\" tabindex=\"0\">WARTA DOM<\/a>\n\t\t\t\t\t<\/div>\n\t\t\t\t\t<div id=\"elementor-tab-content-9931\" class=\"elementor-tab-content elementor-clearfix\" data-tab=\"1\" role=\"region\" aria-labelledby=\"elementor-tab-title-9931\"><p>Warta Dom to elastyczna oferta dla klient\u00f3w, kt\u00f3rzy s\u0105 zainteresowani dopasowaniem zakresu ochrony do w\u0142asnych potrzeb.<\/p><p>Ubezpieczeniem mo\u017ce zosta\u0107 obj\u0119te nast\u0119puj\u0105ce mienie:<\/p><p>\u2022 dom jednorodzinny,<br \/>\u2022 lokal mieszkalny lub jego sta\u0142e elementy,<br \/>\u2022 dom letniskowy,<br \/>\u2022 gara\u017c lub inny budynek,<br \/>\u2022 ma\u0142a architektura,<br \/>\u2022 ruchomo\u015bci domowe<br \/>w poni\u017cszym zakresie ochrony:<\/p><p>\u2022 zdarzenia losowe: deszcz, dym i sadza, grad, huk ponadd\u017awi\u0119kowy, lawina, nap\u00f3r \u015bniegu, osuwanie si\u0119 ziemi, pow\u00f3d\u017a, po\u017car, przepi\u0119cie, silny wiatr, trz\u0119sienie ziemi, uderzenie pioruna, uderzenie pojazdu mechanicznego, upadek drzew lub maszt\u00f3w, upadek pojazdu powietrznego, wybuch, zalanie, zapadanie si\u0119 ziemi, a tak\u017ce st\u0142uczenie i dewastacja<br \/>\u2022 kradzie\u017c z w\u0142amaniem lub rabunek<\/p><p><strong>Dodatkowy zakres ochrony:<\/strong><\/p><p>&#8211; Odpowiedzialno\u015b\u0107 cywilna w \u017cyciu prywatnym<br \/>&#8211; Nast\u0119pstwa nieszcz\u0119\u015bliwych wypadk\u00f3w<br \/>&#8211; Sprz\u0119t poza domem<br \/>&#8211; Rower poza domem<br \/>&#8211; Utrata czynszu<br \/>&#8211; Nagrobki<\/p><p><a href=\"https:\/\/www.warta.pl\/documents\/oferta_dla_ciebie\/WARTA_OWU_Dom_C7171_IPID.pdf\">OWU &#8211; Warta DOM<\/a><\/p><\/div>\n\t\t\t\t<\/div>\n\t\t\t\t\t\t\t<div class=\"elementor-accordion-item\">\n\t\t\t\t\t<div id=\"elementor-tab-title-9932\" class=\"elementor-tab-title\" data-tab=\"2\" role=\"button\" aria-controls=\"elementor-tab-content-9932\" aria-expanded=\"false\">\n\t\t\t\t\t\t\t\t\t\t\t\t\t<span class=\"elementor-accordion-icon elementor-accordion-icon-left\" aria-hidden=\"true\">\n\t\t\t\t\t\t\t\t\t\t\t\t\t\t\t<span class=\"elementor-accordion-icon-closed\"><i class=\"fas fa-chevron-down\"><\/i><\/span>\n\t\t\t\t\t\t\t\t<span class=\"elementor-accordion-icon-opened\"><i class=\"fas fa-chevron-up\"><\/i><\/span>\n\t\t\t\t\t\t\t\t\t\t\t\t\t\t<\/span>\n\t\t\t\t\t\t\t\t\t\t\t\t<a class=\"elementor-accordion-title\" tabindex=\"0\">WARTA DOM KOMFORT<\/a>\n\t\t\t\t\t<\/div>\n\t\t\t\t\t<div id=\"elementor-tab-content-9932\" class=\"elementor-tab-content elementor-clearfix\" data-tab=\"2\" role=\"region\" aria-labelledby=\"elementor-tab-title-9932\"><p><strong>Warta Dom Komfort<\/strong> to propozycja kompleksowej oferty dla wymagaj\u0105cych klient\u00f3w, kt\u00f3rzy s\u0105 zainteresowani jak najpe\u0142niejszym zakresem ochrony ubezpieczeniowej i chc\u0105 zapewni\u0107 sobie i rodzinie komfort bezpiecze\u0144stwa.<\/p><p>Ubezpieczeniem mo\u017ce zosta\u0107 obj\u0119te nast\u0119puj\u0105ce mienie:<br \/>\u2022 dom jednorodzinny,<br \/>\u2022 lokal mieszkalny lub jego sta\u0142e elementy,<br \/>\u2022 dom letniskowy,<br \/>\u2022 gara\u017c lub inny budynek,<br \/>\u2022 ma\u0142a architektura,<br \/>\u2022 ruchomo\u015bci domowe, tak\u017ce dzie\u0142a sztuki i zbiory kolekcjonerskie,<br \/>\u2022 niekt\u00f3re przedmioty na etapie budowy<\/p><p>w zakresie all risks, czyli wszystkich zdarze\u0144, kt\u00f3re nie s\u0105 wskazane w wy\u0142\u0105czeniach. Zapewnia to gwarancj\u0119 ochrony nawet za najdziwniejsze zdarzenia, w tym odpowiedzialno\u015b\u0107 za ka\u017cdy wiatr (bez ogranicze\u0144 jego pr\u0119dko\u015bci) i za ka\u017cdy deszcz (bez ogranicze\u0144 jego nat\u0119\u017cenia).<\/p><p><strong>Dodatkowy zakres ochrony:<\/strong><\/p><p>&#8211; Nast\u0119pstwa nieszcz\u0119\u015bliwych wypadk\u00f3w<br \/>&#8211; Sprz\u0119t poza domem<br \/>&#8211; Rower poza domem<br \/>&#8211; Utrata czynszu<br \/>&#8211; Utrata pracy<br \/>-Nieuprawnione u\u017cycie karty<br \/>&#8211; Ro\u015blinno\u015b\u0107 ogrodowa<br \/>&#8211; Nagrobki<\/p><p><a href=\"https:\/\/www.warta.pl\/documents\/oferta_dla_ciebie\/WARTA_OWU_Dom_Komfort_C7181_IPID.pdf\">OWU &#8211; Warta Dom Komfort<\/a><\/p><\/div>\n\t\t\t\t<\/div>\n\t\t\t\t\t\t\t<div class=\"elementor-accordion-item\">\n\t\t\t\t\t<div id=\"elementor-tab-title-9933\" class=\"elementor-tab-title\" data-tab=\"3\" role=\"button\" aria-controls=\"elementor-tab-content-9933\" aria-expanded=\"false\">\n\t\t\t\t\t\t\t\t\t\t\t\t\t<span class=\"elementor-accordion-icon elementor-accordion-icon-left\" aria-hidden=\"true\">\n\t\t\t\t\t\t\t\t\t\t\t\t\t\t\t<span class=\"elementor-accordion-icon-closed\"><i class=\"fas fa-chevron-down\"><\/i><\/span>\n\t\t\t\t\t\t\t\t<span class=\"elementor-accordion-icon-opened\"><i class=\"fas fa-chevron-up\"><\/i><\/span>\n\t\t\t\t\t\t\t\t\t\t\t\t\t\t<\/span>\n\t\t\t\t\t\t\t\t\t\t\t\t<a class=\"elementor-accordion-title\" tabindex=\"0\">OC W \u017bYCIU PRYWATNYM<\/a>\n\t\t\t\t\t<\/div>\n\t\t\t\t\t<div id=\"elementor-tab-content-9933\" class=\"elementor-tab-content elementor-clearfix\" data-tab=\"3\" role=\"region\" aria-labelledby=\"elementor-tab-title-9933\"><p>Ubezpieczenie to gwarantuje rekompensat\u0119 szk\u00f3d wyrz\u0105dzonych osobom trzecim zar\u00f3wno w domu jak i poza nim \u2013 w kraju i za granic\u0105.<\/p><p><strong>OC W \u017bYCIU PRYWATNYM<\/strong> chroni przed finansowymi konsekwencjami zdarze\u0144, kt\u00f3rych skutkiem s\u0105 szkody osobowe lub rzeczowe spowodowane osobom trzecim. Ubezpieczenie obejmuje wszystkich domownik\u00f3w, a tak\u017ce szkody wyrz\u0105dzone przez zwierz\u0119ta domowe, na terenie ca\u0142ego \u015bwiata z wy\u0142\u0105czeniem USA i Kanady.<\/p><p>\u00a0<\/p><\/div>\n\t\t\t\t<\/div>\n\t\t\t\t\t\t\t\t<\/div>\n\t\t\t\t\t\t<\/div>\n\t\t\t\t<\/div>\n\t\t\t\t\t<\/div>\n\t\t<\/div>\n\t\t\t\t\t<\/div>\n\t\t<\/section>\n\t\t\t\t<\/div>\n\t\t","protected":false},"excerpt":{"rendered":"<p>WARTA DOM Warta Dom to elastyczna oferta dla klient\u00f3w, kt\u00f3rzy s\u0105 zainteresowani dopasowaniem zakresu ochrony do w\u0142asnych potrzeb. Ubezpieczeniem mo\u017ce zosta\u0107 obj\u0119te nast\u0119puj\u0105ce mienie: \u2022 dom jednorodzinny,\u2022 lokal mieszkalny lub jego sta\u0142e elementy,\u2022 dom letniskowy,\u2022 gara\u017c lub inny budynek,\u2022 ma\u0142a architektura,\u2022 ruchomo\u015bci domowew poni\u017cszym zakresie ochrony: \u2022 zdarzenia losowe: deszcz, dym i sadza, grad, huk ponadd\u017awi\u0119kowy, lawina, nap\u00f3r \u015bniegu, osuwanie si\u0119 ziemi, pow\u00f3d\u017a, po\u017car, przepi\u0119cie, silny wiatr, trz\u0119sienie ziemi, uderzenie pioruna, uderzenie pojazdu mechanicznego, upadek drzew lub maszt\u00f3w, upadek pojazdu powietrznego, wybuch, zalanie, zapadanie si\u0119 ziemi, a tak\u017ce st\u0142uczenie i dewastacja\u2022 kradzie\u017c z w\u0142amaniem lub rabunek Dodatkowy zakres ochrony: &#8211; Odpowiedzialno\u015b\u0107 cywilna w \u017cyciu prywatnym&#8211; Nast\u0119pstwa nieszcz\u0119\u015bliwych wypadk\u00f3w&#8211; Sprz\u0119t poza domem&#8211; Rower poza domem&#8211; Utrata czynszu&#8211; Nagrobki OWU &#8211; Warta DOM WARTA DOM KOMFORT Warta Dom Komfort to propozycja kompleksowej oferty dla wymagaj\u0105cych klient\u00f3w, kt\u00f3rzy s\u0105 zainteresowani jak najpe\u0142niejszym zakresem ochrony ubezpieczeniowej i chc\u0105 zapewni\u0107 sobie i rodzinie komfort bezpiecze\u0144stwa.&hellip;<\/p>\n<p> <a class=\"more-link\" href=\"http:\/\/wartakielce.pl\/?page_id=141\">Read more<\/a><\/p>\n","protected":false},"author":1,"featured_media":0,"parent":0,"menu_order":0,"comment_status":"closed","ping_status":"closed","template":"","meta":{"footnotes":""},"class_list":["post-141","page","type-page","status-publish"],"yoast_head":"<!-- This site is optimized with the Yoast SEO plugin v27.4 - https:\/\/yoast.com\/product\/yoast-seo-wordpress\/ -->\n<title>MAJ\u0104TEK - DORADCA JACEK CHMIELEWSKI TEL. 504-511-833<\/title>\n<meta name=\"robots\" content=\"index, follow, max-snippet:-1, max-image-preview:large, max-video-preview:-1\" \/>\n<link rel=\"canonical\" href=\"http:\/\/wartakielce.pl\/?page_id=141\" \/>\n<meta property=\"og:locale\" content=\"pl_PL\" \/>\n<meta property=\"og:type\" content=\"article\" \/>\n<meta property=\"og:title\" content=\"MAJ\u0104TEK - DORADCA JACEK CHMIELEWSKI TEL. 504-511-833\" \/>\n<meta property=\"og:description\" content=\"WARTA DOM Warta Dom to elastyczna oferta dla klient\u00f3w, kt\u00f3rzy s\u0105 zainteresowani dopasowaniem zakresu ochrony do w\u0142asnych potrzeb. Ubezpieczeniem mo\u017ce zosta\u0107 obj\u0119te nast\u0119puj\u0105ce mienie: \u2022 dom jednorodzinny,\u2022 lokal mieszkalny lub jego sta\u0142e elementy,\u2022 dom letniskowy,\u2022 gara\u017c lub inny budynek,\u2022 ma\u0142a architektura,\u2022 ruchomo\u015bci domowew poni\u017cszym zakresie ochrony: \u2022 zdarzenia losowe: deszcz, dym i sadza, grad, huk ponadd\u017awi\u0119kowy, lawina, nap\u00f3r \u015bniegu, osuwanie si\u0119 ziemi, pow\u00f3d\u017a, po\u017car, przepi\u0119cie, silny wiatr, trz\u0119sienie ziemi, uderzenie pioruna, uderzenie pojazdu mechanicznego, upadek drzew lub maszt\u00f3w, upadek pojazdu powietrznego, wybuch, zalanie, zapadanie si\u0119 ziemi, a tak\u017ce st\u0142uczenie i dewastacja\u2022 kradzie\u017c z w\u0142amaniem lub rabunek Dodatkowy zakres ochrony: &#8211; Odpowiedzialno\u015b\u0107 cywilna w \u017cyciu prywatnym&#8211; Nast\u0119pstwa nieszcz\u0119\u015bliwych wypadk\u00f3w&#8211; Sprz\u0119t poza domem&#8211; Rower poza domem&#8211; Utrata czynszu&#8211; Nagrobki OWU &#8211; Warta DOM WARTA DOM KOMFORT Warta Dom Komfort to propozycja kompleksowej oferty dla wymagaj\u0105cych klient\u00f3w, kt\u00f3rzy s\u0105 zainteresowani jak najpe\u0142niejszym zakresem ochrony ubezpieczeniowej i chc\u0105 zapewni\u0107 sobie i rodzinie komfort bezpiecze\u0144stwa.&hellip;  Read more\" \/>\n<meta property=\"og:url\" content=\"http:\/\/wartakielce.pl\/?page_id=141\" \/>\n<meta property=\"og:site_name\" content=\"DORADCA JACEK CHMIELEWSKI TEL. 504-511-833\" \/>\n<meta property=\"article:modified_time\" content=\"2021-07-24T16:27:01+00:00\" \/>\n<meta property=\"og:image\" content=\"http:\/\/wartakielce.pl\/wp-content\/uploads\/elementor\/thumbs\/warta_logo-p5fbslmx0cscq888as2ep4gdan42zbjznfgej2d7wg.jpg\" \/>\n<meta name=\"twitter:card\" content=\"summary_large_image\" \/>\n<meta name=\"twitter:label1\" content=\"Szacowany czas czytania\" \/>\n\t<meta name=\"twitter:data1\" content=\"2 minuty\" \/>\n<script type=\"application\/ld+json\" class=\"yoast-schema-graph\">{\"@context\":\"https:\\\/\\\/schema.org\",\"@graph\":[{\"@type\":\"WebPage\",\"@id\":\"http:\\\/\\\/wartakielce.pl\\\/?page_id=141\",\"url\":\"http:\\\/\\\/wartakielce.pl\\\/?page_id=141\",\"name\":\"MAJ\u0104TEK - DORADCA JACEK CHMIELEWSKI TEL. 504-511-833\",\"isPartOf\":{\"@id\":\"http:\\\/\\\/wartakielce.pl\\\/#website\"},\"primaryImageOfPage\":{\"@id\":\"http:\\\/\\\/wartakielce.pl\\\/?page_id=141#primaryimage\"},\"image\":{\"@id\":\"http:\\\/\\\/wartakielce.pl\\\/?page_id=141#primaryimage\"},\"thumbnailUrl\":\"http:\\\/\\\/wartakielce.pl\\\/wp-content\\\/uploads\\\/elementor\\\/thumbs\\\/warta_logo-p5fbslmx0cscq888as2ep4gdan42zbjznfgej2d7wg.jpg\",\"datePublished\":\"2021-07-22T09:07:22+00:00\",\"dateModified\":\"2021-07-24T16:27:01+00:00\",\"breadcrumb\":{\"@id\":\"http:\\\/\\\/wartakielce.pl\\\/?page_id=141#breadcrumb\"},\"inLanguage\":\"pl-PL\",\"potentialAction\":[{\"@type\":\"ReadAction\",\"target\":[\"http:\\\/\\\/wartakielce.pl\\\/?page_id=141\"]}]},{\"@type\":\"ImageObject\",\"inLanguage\":\"pl-PL\",\"@id\":\"http:\\\/\\\/wartakielce.pl\\\/?page_id=141#primaryimage\",\"url\":\"http:\\\/\\\/wartakielce.pl\\\/wp-content\\\/uploads\\\/elementor\\\/thumbs\\\/warta_logo-p5fbslmx0cscq888as2ep4gdan42zbjznfgej2d7wg.jpg\",\"contentUrl\":\"http:\\\/\\\/wartakielce.pl\\\/wp-content\\\/uploads\\\/elementor\\\/thumbs\\\/warta_logo-p5fbslmx0cscq888as2ep4gdan42zbjznfgej2d7wg.jpg\"},{\"@type\":\"BreadcrumbList\",\"@id\":\"http:\\\/\\\/wartakielce.pl\\\/?page_id=141#breadcrumb\",\"itemListElement\":[{\"@type\":\"ListItem\",\"position\":1,\"name\":\"Strona g\u0142\u00f3wna\",\"item\":\"http:\\\/\\\/wartakielce.pl\\\/\"},{\"@type\":\"ListItem\",\"position\":2,\"name\":\"MAJ\u0104TEK\"}]},{\"@type\":\"WebSite\",\"@id\":\"http:\\\/\\\/wartakielce.pl\\\/#website\",\"url\":\"http:\\\/\\\/wartakielce.pl\\\/\",\"name\":\"DORADCA JACEK CHMIELEWSKI TEL. 504-511-833\",\"description\":\"Strona doradcy ubezpieczeniowego Warty\",\"publisher\":{\"@id\":\"http:\\\/\\\/wartakielce.pl\\\/#organization\"},\"potentialAction\":[{\"@type\":\"SearchAction\",\"target\":{\"@type\":\"EntryPoint\",\"urlTemplate\":\"http:\\\/\\\/wartakielce.pl\\\/?s={search_term_string}\"},\"query-input\":{\"@type\":\"PropertyValueSpecification\",\"valueRequired\":true,\"valueName\":\"search_term_string\"}}],\"inLanguage\":\"pl-PL\"},{\"@type\":\"Organization\",\"@id\":\"http:\\\/\\\/wartakielce.pl\\\/#organization\",\"name\":\"FUH DORADCA Jacek Chmielewski\",\"url\":\"http:\\\/\\\/wartakielce.pl\\\/\",\"logo\":{\"@type\":\"ImageObject\",\"inLanguage\":\"pl-PL\",\"@id\":\"http:\\\/\\\/wartakielce.pl\\\/#\\\/schema\\\/logo\\\/image\\\/\",\"url\":\"http:\\\/\\\/wartakielce.pl\\\/wp-content\\\/uploads\\\/2021\\\/04\\\/du_logo.png\",\"contentUrl\":\"http:\\\/\\\/wartakielce.pl\\\/wp-content\\\/uploads\\\/2021\\\/04\\\/du_logo.png\",\"width\":1000,\"height\":250,\"caption\":\"FUH DORADCA Jacek Chmielewski\"},\"image\":{\"@id\":\"http:\\\/\\\/wartakielce.pl\\\/#\\\/schema\\\/logo\\\/image\\\/\"}}]}<\/script>\n<!-- \/ Yoast SEO plugin. -->","yoast_head_json":{"title":"MAJ\u0104TEK - DORADCA JACEK CHMIELEWSKI TEL. 504-511-833","robots":{"index":"index","follow":"follow","max-snippet":"max-snippet:-1","max-image-preview":"max-image-preview:large","max-video-preview":"max-video-preview:-1"},"canonical":"http:\/\/wartakielce.pl\/?page_id=141","og_locale":"pl_PL","og_type":"article","og_title":"MAJ\u0104TEK - DORADCA JACEK CHMIELEWSKI TEL. 504-511-833","og_description":"WARTA DOM Warta Dom to elastyczna oferta dla klient\u00f3w, kt\u00f3rzy s\u0105 zainteresowani dopasowaniem zakresu ochrony do w\u0142asnych potrzeb. Ubezpieczeniem mo\u017ce zosta\u0107 obj\u0119te nast\u0119puj\u0105ce mienie: \u2022 dom jednorodzinny,\u2022 lokal mieszkalny lub jego sta\u0142e elementy,\u2022 dom letniskowy,\u2022 gara\u017c lub inny budynek,\u2022 ma\u0142a architektura,\u2022 ruchomo\u015bci domowew poni\u017cszym zakresie ochrony: \u2022 zdarzenia losowe: deszcz, dym i sadza, grad, huk ponadd\u017awi\u0119kowy, lawina, nap\u00f3r \u015bniegu, osuwanie si\u0119 ziemi, pow\u00f3d\u017a, po\u017car, przepi\u0119cie, silny wiatr, trz\u0119sienie ziemi, uderzenie pioruna, uderzenie pojazdu mechanicznego, upadek drzew lub maszt\u00f3w, upadek pojazdu powietrznego, wybuch, zalanie, zapadanie si\u0119 ziemi, a tak\u017ce st\u0142uczenie i dewastacja\u2022 kradzie\u017c z w\u0142amaniem lub rabunek Dodatkowy zakres ochrony: &#8211; Odpowiedzialno\u015b\u0107 cywilna w \u017cyciu prywatnym&#8211; Nast\u0119pstwa nieszcz\u0119\u015bliwych wypadk\u00f3w&#8211; Sprz\u0119t poza domem&#8211; Rower poza domem&#8211; Utrata czynszu&#8211; Nagrobki OWU &#8211; Warta DOM WARTA DOM KOMFORT Warta Dom Komfort to propozycja kompleksowej oferty dla wymagaj\u0105cych klient\u00f3w, kt\u00f3rzy s\u0105 zainteresowani jak najpe\u0142niejszym zakresem ochrony ubezpieczeniowej i chc\u0105 zapewni\u0107 sobie i rodzinie komfort bezpiecze\u0144stwa.&hellip;  Read more","og_url":"http:\/\/wartakielce.pl\/?page_id=141","og_site_name":"DORADCA JACEK CHMIELEWSKI TEL. 504-511-833","article_modified_time":"2021-07-24T16:27:01+00:00","og_image":[{"url":"http:\/\/wartakielce.pl\/wp-content\/uploads\/elementor\/thumbs\/warta_logo-p5fbslmx0cscq888as2ep4gdan42zbjznfgej2d7wg.jpg","type":"","width":"","height":""}],"twitter_card":"summary_large_image","twitter_misc":{"Szacowany czas czytania":"2 minuty"},"schema":{"@context":"https:\/\/schema.org","@graph":[{"@type":"WebPage","@id":"http:\/\/wartakielce.pl\/?page_id=141","url":"http:\/\/wartakielce.pl\/?page_id=141","name":"MAJ\u0104TEK - DORADCA JACEK CHMIELEWSKI TEL. 504-511-833","isPartOf":{"@id":"http:\/\/wartakielce.pl\/#website"},"primaryImageOfPage":{"@id":"http:\/\/wartakielce.pl\/?page_id=141#primaryimage"},"image":{"@id":"http:\/\/wartakielce.pl\/?page_id=141#primaryimage"},"thumbnailUrl":"http:\/\/wartakielce.pl\/wp-content\/uploads\/elementor\/thumbs\/warta_logo-p5fbslmx0cscq888as2ep4gdan42zbjznfgej2d7wg.jpg","datePublished":"2021-07-22T09:07:22+00:00","dateModified":"2021-07-24T16:27:01+00:00","breadcrumb":{"@id":"http:\/\/wartakielce.pl\/?page_id=141#breadcrumb"},"inLanguage":"pl-PL","potentialAction":[{"@type":"ReadAction","target":["http:\/\/wartakielce.pl\/?page_id=141"]}]},{"@type":"ImageObject","inLanguage":"pl-PL","@id":"http:\/\/wartakielce.pl\/?page_id=141#primaryimage","url":"http:\/\/wartakielce.pl\/wp-content\/uploads\/elementor\/thumbs\/warta_logo-p5fbslmx0cscq888as2ep4gdan42zbjznfgej2d7wg.jpg","contentUrl":"http:\/\/wartakielce.pl\/wp-content\/uploads\/elementor\/thumbs\/warta_logo-p5fbslmx0cscq888as2ep4gdan42zbjznfgej2d7wg.jpg"},{"@type":"BreadcrumbList","@id":"http:\/\/wartakielce.pl\/?page_id=141#breadcrumb","itemListElement":[{"@type":"ListItem","position":1,"name":"Strona g\u0142\u00f3wna","item":"http:\/\/wartakielce.pl\/"},{"@type":"ListItem","position":2,"name":"MAJ\u0104TEK"}]},{"@type":"WebSite","@id":"http:\/\/wartakielce.pl\/#website","url":"http:\/\/wartakielce.pl\/","name":"DORADCA JACEK CHMIELEWSKI TEL. 504-511-833","description":"Strona doradcy ubezpieczeniowego Warty","publisher":{"@id":"http:\/\/wartakielce.pl\/#organization"},"potentialAction":[{"@type":"SearchAction","target":{"@type":"EntryPoint","urlTemplate":"http:\/\/wartakielce.pl\/?s={search_term_string}"},"query-input":{"@type":"PropertyValueSpecification","valueRequired":true,"valueName":"search_term_string"}}],"inLanguage":"pl-PL"},{"@type":"Organization","@id":"http:\/\/wartakielce.pl\/#organization","name":"FUH DORADCA Jacek Chmielewski","url":"http:\/\/wartakielce.pl\/","logo":{"@type":"ImageObject","inLanguage":"pl-PL","@id":"http:\/\/wartakielce.pl\/#\/schema\/logo\/image\/","url":"http:\/\/wartakielce.pl\/wp-content\/uploads\/2021\/04\/du_logo.png","contentUrl":"http:\/\/wartakielce.pl\/wp-content\/uploads\/2021\/04\/du_logo.png","width":1000,"height":250,"caption":"FUH DORADCA Jacek Chmielewski"},"image":{"@id":"http:\/\/wartakielce.pl\/#\/schema\/logo\/image\/"}}]}},"_links":{"self":[{"href":"http:\/\/wartakielce.pl\/index.php?rest_route=\/wp\/v2\/pages\/141","targetHints":{"allow":["GET"]}}],"collection":[{"href":"http:\/\/wartakielce.pl\/index.php?rest_route=\/wp\/v2\/pages"}],"about":[{"href":"http:\/\/wartakielce.pl\/index.php?rest_route=\/wp\/v2\/types\/page"}],"author":[{"embeddable":true,"href":"http:\/\/wartakielce.pl\/index.php?rest_route=\/wp\/v2\/users\/1"}],"replies":[{"embeddable":true,"href":"http:\/\/wartakielce.pl\/index.php?rest_route=%2Fwp%2Fv2%2Fcomments&post=141"}],"version-history":[{"count":13,"href":"http:\/\/wartakielce.pl\/index.php?rest_route=\/wp\/v2\/pages\/141\/revisions"}],"predecessor-version":[{"id":260,"href":"http:\/\/wartakielce.pl\/index.php?rest_route=\/wp\/v2\/pages\/141\/revisions\/260"}],"wp:attachment":[{"href":"http:\/\/wartakielce.pl\/index.php?rest_route=%2Fwp%2Fv2%2Fmedia&parent=141"}],"curies":[{"name":"wp","href":"https:\/\/api.w.org\/{rel}","templated":true}]}}