{"id":265,"date":"2021-07-24T18:39:09","date_gmt":"2021-07-24T16:39:09","guid":{"rendered":"http:\/\/wartakielce.pl\/?page_id=265"},"modified":"2021-07-24T19:11:28","modified_gmt":"2021-07-24T17:11:28","slug":"podroz","status":"publish","type":"page","link":"http:\/\/wartakielce.pl\/?page_id=265","title":{"rendered":"PODR\u00d3\u017b"},"content":{"rendered":"\t\t<div data-elementor-type=\"wp-page\" data-elementor-id=\"265\" class=\"elementor elementor-265\">\n\t\t\t\t\t\t<section class=\"elementor-section elementor-top-section elementor-element elementor-element-c3b914f elementor-section-boxed elementor-section-height-default elementor-section-height-default\" data-id=\"c3b914f\" data-element_type=\"section\" data-e-type=\"section\">\n\t\t\t\t\t\t<div class=\"elementor-container elementor-column-gap-default\">\n\t\t\t\t\t<div class=\"elementor-column elementor-col-100 elementor-top-column elementor-element elementor-element-10e4678\" data-id=\"10e4678\" data-element_type=\"column\" data-e-type=\"column\">\n\t\t\t<div class=\"elementor-widget-wrap elementor-element-populated\">\n\t\t\t\t\t\t<div class=\"elementor-element elementor-element-91471c6 elementor-invisible elementor-widget elementor-widget-image\" data-id=\"91471c6\" data-element_type=\"widget\" data-e-type=\"widget\" data-settings=\"{&quot;_animation&quot;:&quot;fadeInDown&quot;}\" data-widget_type=\"image.default\">\n\t\t\t\t<div class=\"elementor-widget-container\">\n\t\t\t\t\t\t\t\t\t\t\t\t\t\t\t<img decoding=\"async\" src=\"http:\/\/wartakielce.pl\/wp-content\/uploads\/elementor\/thumbs\/warta_logo-p5fbslmx0cscq888as2ep4gdan42zbjznfgej2d7wg.jpg\" title=\"warta_logo\" alt=\"warta_logo\" loading=\"lazy\" \/>\t\t\t\t\t\t\t\t\t\t\t\t\t\t\t<\/div>\n\t\t\t\t<\/div>\n\t\t\t\t<div class=\"elementor-element elementor-element-8043dd7 elementor-widget elementor-widget-heading\" data-id=\"8043dd7\" data-element_type=\"widget\" data-e-type=\"widget\" data-settings=\"{&quot;_animation&quot;:&quot;none&quot;}\" data-widget_type=\"heading.default\">\n\t\t\t\t<div class=\"elementor-widget-container\">\n\t\t\t\t\t<h2 class=\"elementor-heading-title elementor-size-default\">PODR\u00d3\u017b<\/h2>\t\t\t\t<\/div>\n\t\t\t\t<\/div>\n\t\t\t\t<div class=\"elementor-element elementor-element-5ebb446 elementor-widget elementor-widget-accordion\" data-id=\"5ebb446\" data-element_type=\"widget\" data-e-type=\"widget\" data-widget_type=\"accordion.default\">\n\t\t\t\t<div class=\"elementor-widget-container\">\n\t\t\t\t\t\t\t<div class=\"elementor-accordion\">\n\t\t\t\t\t\t\t<div class=\"elementor-accordion-item\">\n\t\t\t\t\t<div id=\"elementor-tab-title-9931\" class=\"elementor-tab-title\" data-tab=\"1\" role=\"button\" aria-controls=\"elementor-tab-content-9931\" aria-expanded=\"false\">\n\t\t\t\t\t\t\t\t\t\t\t\t\t<span class=\"elementor-accordion-icon elementor-accordion-icon-left\" aria-hidden=\"true\">\n\t\t\t\t\t\t\t\t\t\t\t\t\t\t\t<span class=\"elementor-accordion-icon-closed\"><i class=\"fas fa-chevron-down\"><\/i><\/span>\n\t\t\t\t\t\t\t\t<span class=\"elementor-accordion-icon-opened\"><i class=\"fas fa-chevron-up\"><\/i><\/span>\n\t\t\t\t\t\t\t\t\t\t\t\t\t\t<\/span>\n\t\t\t\t\t\t\t\t\t\t\t\t<a class=\"elementor-accordion-title\" tabindex=\"0\">WARTA TWOJE NNW<\/a>\n\t\t\t\t\t<\/div>\n\t\t\t\t\t<div id=\"elementor-tab-content-9931\" class=\"elementor-tab-content elementor-clearfix\" data-tab=\"1\" role=\"region\" aria-labelledby=\"elementor-tab-title-9931\"><p><strong>Ubezpieczenie od nast\u0119pstw nieszcz\u0119\u015bliwych wypadk\u00f3w dla os\u00f3b indywidualnych i grup Warta Twoje NNW w wariancie dla Turysty (RP)<\/strong> to ubezpieczenie <br \/>od nast\u0119pstw nieszcz\u0119\u015bliwych wypadk\u00f3w z pomoc\u0105 assistance i korzystnymi dodatkami. Mo\u017cesz skorzysta\u0107 z elastycznej oferty dla os\u00f3b indywidualnych i grup podr\u00f3\u017cuj\u0105cych po Polsce. Z polis\u0105 zyskujesz ochron\u0119 podczas wyjazd\u00f3w, zar\u00f3wno tych we dwoje, z ca\u0142\u0105 rodzin\u0105 czy z przyjaci\u00f3\u0142mi, jak i wycieczek zorganizowanych, zielonych szk\u00f3\u0142 i pielgrzymek.<\/p><p><strong>Przedmiot ubezpieczenia:<\/strong><\/p><p>Przedmiotem ubezpieczenia s\u0105 nast\u0119pstwa nieszcz\u0119\u015bliwych wypadk\u00f3w zaistnia\u0142e w okresie ochrony, takie jak: sta\u0142y uszczerbek na zdrowiu , \u015bmier\u0107 osoby ubezpieczonej, a tak\u017ce naprawa lub nabycie przedmiot\u00f3w ortopedycznych i \u015brodk\u00f3w pomocniczych.<\/p><p>W zakresie podstawowym otrzymujesz r\u00f3wnie\u017c pakiet us\u0142ug assistance, z limitem na ka\u017cde zdarzenie do 1 000 z\u0142.<\/p><p>Pakiet zawiera takie \u015bwiadczenia jak Kierowca Zast\u0119pczy czy Organizacja wizyty lekarza w miejscu pobytu.<\/p><p>Kierowca Zast\u0119pczy to us\u0142uga, kt\u00f3ra polega na zorganizowaniu i pokryciu koszt\u00f3w wynaj\u0119cia i dojazdu kierowcy, kt\u00f3ry przywiezie Ubezpieczonego i osoby mu towarzysz\u0105ce jego samochodem z miejsca pobytu do miejsca zamieszkania w przypadku, gdy jego stan zdrowia potwierdzony pisemnym za\u015bwiadczeniem lekarza prowadz\u0105cego, nie pozwala na prowadzenie w\u0142asnego samochodu. W przypadku gdy Ubezpieczony wraca innym \u015brodkiem transportu, COK zorganizuje i pokryje koszty sprowadzenia samochodu do miejsca zamieszkania (z wy\u0142\u0105czeniem lawety). Us\u0142uga realizowana jest raz w okresie ubezpieczenia.<\/p><p><a href=\"https:\/\/www.warta.pl\/documents\/oferta_dla_ciebie\/WARTA_OWU_Twoje_NNW_C7780_IPID.pdf\">OWU &#8211; Warta Twoje NNW<\/a><\/p><\/div>\n\t\t\t\t<\/div>\n\t\t\t\t\t\t\t<div class=\"elementor-accordion-item\">\n\t\t\t\t\t<div id=\"elementor-tab-title-9932\" class=\"elementor-tab-title\" data-tab=\"2\" role=\"button\" aria-controls=\"elementor-tab-content-9932\" aria-expanded=\"false\">\n\t\t\t\t\t\t\t\t\t\t\t\t\t<span class=\"elementor-accordion-icon elementor-accordion-icon-left\" aria-hidden=\"true\">\n\t\t\t\t\t\t\t\t\t\t\t\t\t\t\t<span class=\"elementor-accordion-icon-closed\"><i class=\"fas fa-chevron-down\"><\/i><\/span>\n\t\t\t\t\t\t\t\t<span class=\"elementor-accordion-icon-opened\"><i class=\"fas fa-chevron-up\"><\/i><\/span>\n\t\t\t\t\t\t\t\t\t\t\t\t\t\t<\/span>\n\t\t\t\t\t\t\t\t\t\t\t\t<a class=\"elementor-accordion-title\" tabindex=\"0\">WARTA TRAVEL<\/a>\n\t\t\t\t\t<\/div>\n\t\t\t\t\t<div id=\"elementor-tab-content-9932\" class=\"elementor-tab-content elementor-clearfix\" data-tab=\"2\" role=\"region\" aria-labelledby=\"elementor-tab-title-9932\"><p><strong>Warta Travel<\/strong> to ubezpieczenie, kt\u00f3re zawiera wszystko, czego potrzebujesz, aby podr\u00f3\u017cowa\u0107 ze spokojn\u0105 g\u0142ow\u0105. Polisa chroni Ci\u0119 w razie nag\u0142ego zachorowania, pogorszenia stanu zdrowia w zwi\u0105zku z chorob\u0105 przewlek\u0142\u0105 lub nieszcz\u0119\u015bliwym\u00a0wypadkiem. Do podstawowego zakresu ochrony, w\u00a0kt\u00f3rym pokrywamy koszty leczenia, otrzymujesz bezp\u0142atnie pakiet us\u0142ug assistance, gwarantuj\u0105cy m.in. pomoc za granic\u0105 i organizacj\u0119 powrotu do Polski.<\/p><p><a href=\"https:\/\/www.warta.pl\/documents\/oferta_dla_ciebie\/OWU_WARTA_Travel_C0512_IPID.pdf\">OWU &#8211; Warta Travel<\/a><\/p><\/div>\n\t\t\t\t<\/div>\n\t\t\t\t\t\t\t\t<\/div>\n\t\t\t\t\t\t<\/div>\n\t\t\t\t<\/div>\n\t\t\t\t\t<\/div>\n\t\t<\/div>\n\t\t\t\t\t<\/div>\n\t\t<\/section>\n\t\t\t\t<\/div>\n\t\t","protected":false},"excerpt":{"rendered":"<p>PODR\u00d3\u017b WARTA TWOJE NNW Ubezpieczenie od nast\u0119pstw nieszcz\u0119\u015bliwych wypadk\u00f3w dla os\u00f3b indywidualnych i grup Warta Twoje NNW w wariancie dla Turysty (RP) to ubezpieczenie od nast\u0119pstw nieszcz\u0119\u015bliwych wypadk\u00f3w z pomoc\u0105 assistance i korzystnymi dodatkami. Mo\u017cesz skorzysta\u0107 z elastycznej oferty dla os\u00f3b indywidualnych i grup podr\u00f3\u017cuj\u0105cych po Polsce. Z polis\u0105 zyskujesz ochron\u0119 podczas wyjazd\u00f3w, zar\u00f3wno tych we dwoje, z ca\u0142\u0105 rodzin\u0105 czy z przyjaci\u00f3\u0142mi, jak i wycieczek zorganizowanych, zielonych szk\u00f3\u0142 i pielgrzymek. Przedmiot ubezpieczenia: Przedmiotem ubezpieczenia s\u0105 nast\u0119pstwa nieszcz\u0119\u015bliwych wypadk\u00f3w zaistnia\u0142e w okresie ochrony, takie jak: sta\u0142y uszczerbek na zdrowiu , \u015bmier\u0107 osoby ubezpieczonej, a tak\u017ce naprawa lub nabycie przedmiot\u00f3w ortopedycznych i \u015brodk\u00f3w pomocniczych. W zakresie podstawowym otrzymujesz r\u00f3wnie\u017c pakiet us\u0142ug assistance, z limitem na ka\u017cde zdarzenie do 1 000 z\u0142. Pakiet zawiera takie \u015bwiadczenia jak Kierowca Zast\u0119pczy czy Organizacja wizyty lekarza w miejscu pobytu. Kierowca Zast\u0119pczy to us\u0142uga, kt\u00f3ra polega na zorganizowaniu i pokryciu koszt\u00f3w wynaj\u0119cia i dojazdu kierowcy, kt\u00f3ry&hellip;<\/p>\n<p> <a class=\"more-link\" href=\"http:\/\/wartakielce.pl\/?page_id=265\">Read more<\/a><\/p>\n","protected":false},"author":1,"featured_media":0,"parent":0,"menu_order":0,"comment_status":"closed","ping_status":"closed","template":"","meta":{"footnotes":""},"class_list":["post-265","page","type-page","status-publish"],"yoast_head":"<!-- This site is optimized with the Yoast SEO plugin v27.4 - https:\/\/yoast.com\/product\/yoast-seo-wordpress\/ -->\n<title>PODR\u00d3\u017b - DORADCA JACEK CHMIELEWSKI TEL. 504-511-833<\/title>\n<meta name=\"robots\" content=\"index, follow, max-snippet:-1, max-image-preview:large, max-video-preview:-1\" \/>\n<link rel=\"canonical\" href=\"http:\/\/wartakielce.pl\/?page_id=265\" \/>\n<meta property=\"og:locale\" content=\"pl_PL\" \/>\n<meta property=\"og:type\" content=\"article\" \/>\n<meta property=\"og:title\" content=\"PODR\u00d3\u017b - DORADCA JACEK CHMIELEWSKI TEL. 504-511-833\" \/>\n<meta property=\"og:description\" content=\"PODR\u00d3\u017b WARTA TWOJE NNW Ubezpieczenie od nast\u0119pstw nieszcz\u0119\u015bliwych wypadk\u00f3w dla os\u00f3b indywidualnych i grup Warta Twoje NNW w wariancie dla Turysty (RP) to ubezpieczenie od nast\u0119pstw nieszcz\u0119\u015bliwych wypadk\u00f3w z pomoc\u0105 assistance i korzystnymi dodatkami. Mo\u017cesz skorzysta\u0107 z elastycznej oferty dla os\u00f3b indywidualnych i grup podr\u00f3\u017cuj\u0105cych po Polsce. Z polis\u0105 zyskujesz ochron\u0119 podczas wyjazd\u00f3w, zar\u00f3wno tych we dwoje, z ca\u0142\u0105 rodzin\u0105 czy z przyjaci\u00f3\u0142mi, jak i wycieczek zorganizowanych, zielonych szk\u00f3\u0142 i pielgrzymek. Przedmiot ubezpieczenia: Przedmiotem ubezpieczenia s\u0105 nast\u0119pstwa nieszcz\u0119\u015bliwych wypadk\u00f3w zaistnia\u0142e w okresie ochrony, takie jak: sta\u0142y uszczerbek na zdrowiu , \u015bmier\u0107 osoby ubezpieczonej, a tak\u017ce naprawa lub nabycie przedmiot\u00f3w ortopedycznych i \u015brodk\u00f3w pomocniczych. W zakresie podstawowym otrzymujesz r\u00f3wnie\u017c pakiet us\u0142ug assistance, z limitem na ka\u017cde zdarzenie do 1 000 z\u0142. Pakiet zawiera takie \u015bwiadczenia jak Kierowca Zast\u0119pczy czy Organizacja wizyty lekarza w miejscu pobytu. Kierowca Zast\u0119pczy to us\u0142uga, kt\u00f3ra polega na zorganizowaniu i pokryciu koszt\u00f3w wynaj\u0119cia i dojazdu kierowcy, kt\u00f3ry&hellip;  Read more\" \/>\n<meta property=\"og:url\" content=\"http:\/\/wartakielce.pl\/?page_id=265\" \/>\n<meta property=\"og:site_name\" content=\"DORADCA JACEK CHMIELEWSKI TEL. 504-511-833\" \/>\n<meta property=\"article:modified_time\" content=\"2021-07-24T17:11:28+00:00\" \/>\n<meta property=\"og:image\" content=\"http:\/\/wartakielce.pl\/wp-content\/uploads\/elementor\/thumbs\/warta_logo-p5fbslmx0cscq888as2ep4gdan42zbjznfgej2d7wg.jpg\" \/>\n<meta name=\"twitter:card\" content=\"summary_large_image\" \/>\n<meta name=\"twitter:label1\" content=\"Szacowany czas czytania\" \/>\n\t<meta name=\"twitter:data1\" content=\"2 minuty\" \/>\n<script type=\"application\/ld+json\" class=\"yoast-schema-graph\">{\"@context\":\"https:\\\/\\\/schema.org\",\"@graph\":[{\"@type\":\"WebPage\",\"@id\":\"http:\\\/\\\/wartakielce.pl\\\/?page_id=265\",\"url\":\"http:\\\/\\\/wartakielce.pl\\\/?page_id=265\",\"name\":\"PODR\u00d3\u017b - DORADCA JACEK CHMIELEWSKI TEL. 504-511-833\",\"isPartOf\":{\"@id\":\"http:\\\/\\\/wartakielce.pl\\\/#website\"},\"primaryImageOfPage\":{\"@id\":\"http:\\\/\\\/wartakielce.pl\\\/?page_id=265#primaryimage\"},\"image\":{\"@id\":\"http:\\\/\\\/wartakielce.pl\\\/?page_id=265#primaryimage\"},\"thumbnailUrl\":\"http:\\\/\\\/wartakielce.pl\\\/wp-content\\\/uploads\\\/elementor\\\/thumbs\\\/warta_logo-p5fbslmx0cscq888as2ep4gdan42zbjznfgej2d7wg.jpg\",\"datePublished\":\"2021-07-24T16:39:09+00:00\",\"dateModified\":\"2021-07-24T17:11:28+00:00\",\"breadcrumb\":{\"@id\":\"http:\\\/\\\/wartakielce.pl\\\/?page_id=265#breadcrumb\"},\"inLanguage\":\"pl-PL\",\"potentialAction\":[{\"@type\":\"ReadAction\",\"target\":[\"http:\\\/\\\/wartakielce.pl\\\/?page_id=265\"]}]},{\"@type\":\"ImageObject\",\"inLanguage\":\"pl-PL\",\"@id\":\"http:\\\/\\\/wartakielce.pl\\\/?page_id=265#primaryimage\",\"url\":\"http:\\\/\\\/wartakielce.pl\\\/wp-content\\\/uploads\\\/elementor\\\/thumbs\\\/warta_logo-p5fbslmx0cscq888as2ep4gdan42zbjznfgej2d7wg.jpg\",\"contentUrl\":\"http:\\\/\\\/wartakielce.pl\\\/wp-content\\\/uploads\\\/elementor\\\/thumbs\\\/warta_logo-p5fbslmx0cscq888as2ep4gdan42zbjznfgej2d7wg.jpg\"},{\"@type\":\"BreadcrumbList\",\"@id\":\"http:\\\/\\\/wartakielce.pl\\\/?page_id=265#breadcrumb\",\"itemListElement\":[{\"@type\":\"ListItem\",\"position\":1,\"name\":\"Strona g\u0142\u00f3wna\",\"item\":\"http:\\\/\\\/wartakielce.pl\\\/\"},{\"@type\":\"ListItem\",\"position\":2,\"name\":\"PODR\u00d3\u017b\"}]},{\"@type\":\"WebSite\",\"@id\":\"http:\\\/\\\/wartakielce.pl\\\/#website\",\"url\":\"http:\\\/\\\/wartakielce.pl\\\/\",\"name\":\"DORADCA JACEK CHMIELEWSKI TEL. 504-511-833\",\"description\":\"Strona doradcy ubezpieczeniowego Warty\",\"publisher\":{\"@id\":\"http:\\\/\\\/wartakielce.pl\\\/#organization\"},\"potentialAction\":[{\"@type\":\"SearchAction\",\"target\":{\"@type\":\"EntryPoint\",\"urlTemplate\":\"http:\\\/\\\/wartakielce.pl\\\/?s={search_term_string}\"},\"query-input\":{\"@type\":\"PropertyValueSpecification\",\"valueRequired\":true,\"valueName\":\"search_term_string\"}}],\"inLanguage\":\"pl-PL\"},{\"@type\":\"Organization\",\"@id\":\"http:\\\/\\\/wartakielce.pl\\\/#organization\",\"name\":\"FUH DORADCA Jacek Chmielewski\",\"url\":\"http:\\\/\\\/wartakielce.pl\\\/\",\"logo\":{\"@type\":\"ImageObject\",\"inLanguage\":\"pl-PL\",\"@id\":\"http:\\\/\\\/wartakielce.pl\\\/#\\\/schema\\\/logo\\\/image\\\/\",\"url\":\"http:\\\/\\\/wartakielce.pl\\\/wp-content\\\/uploads\\\/2021\\\/04\\\/du_logo.png\",\"contentUrl\":\"http:\\\/\\\/wartakielce.pl\\\/wp-content\\\/uploads\\\/2021\\\/04\\\/du_logo.png\",\"width\":1000,\"height\":250,\"caption\":\"FUH DORADCA Jacek Chmielewski\"},\"image\":{\"@id\":\"http:\\\/\\\/wartakielce.pl\\\/#\\\/schema\\\/logo\\\/image\\\/\"}}]}<\/script>\n<!-- \/ Yoast SEO plugin. -->","yoast_head_json":{"title":"PODR\u00d3\u017b - DORADCA JACEK CHMIELEWSKI TEL. 504-511-833","robots":{"index":"index","follow":"follow","max-snippet":"max-snippet:-1","max-image-preview":"max-image-preview:large","max-video-preview":"max-video-preview:-1"},"canonical":"http:\/\/wartakielce.pl\/?page_id=265","og_locale":"pl_PL","og_type":"article","og_title":"PODR\u00d3\u017b - DORADCA JACEK CHMIELEWSKI TEL. 504-511-833","og_description":"PODR\u00d3\u017b WARTA TWOJE NNW Ubezpieczenie od nast\u0119pstw nieszcz\u0119\u015bliwych wypadk\u00f3w dla os\u00f3b indywidualnych i grup Warta Twoje NNW w wariancie dla Turysty (RP) to ubezpieczenie od nast\u0119pstw nieszcz\u0119\u015bliwych wypadk\u00f3w z pomoc\u0105 assistance i korzystnymi dodatkami. Mo\u017cesz skorzysta\u0107 z elastycznej oferty dla os\u00f3b indywidualnych i grup podr\u00f3\u017cuj\u0105cych po Polsce. Z polis\u0105 zyskujesz ochron\u0119 podczas wyjazd\u00f3w, zar\u00f3wno tych we dwoje, z ca\u0142\u0105 rodzin\u0105 czy z przyjaci\u00f3\u0142mi, jak i wycieczek zorganizowanych, zielonych szk\u00f3\u0142 i pielgrzymek. Przedmiot ubezpieczenia: Przedmiotem ubezpieczenia s\u0105 nast\u0119pstwa nieszcz\u0119\u015bliwych wypadk\u00f3w zaistnia\u0142e w okresie ochrony, takie jak: sta\u0142y uszczerbek na zdrowiu , \u015bmier\u0107 osoby ubezpieczonej, a tak\u017ce naprawa lub nabycie przedmiot\u00f3w ortopedycznych i \u015brodk\u00f3w pomocniczych. W zakresie podstawowym otrzymujesz r\u00f3wnie\u017c pakiet us\u0142ug assistance, z limitem na ka\u017cde zdarzenie do 1 000 z\u0142. Pakiet zawiera takie \u015bwiadczenia jak Kierowca Zast\u0119pczy czy Organizacja wizyty lekarza w miejscu pobytu. Kierowca Zast\u0119pczy to us\u0142uga, kt\u00f3ra polega na zorganizowaniu i pokryciu koszt\u00f3w wynaj\u0119cia i dojazdu kierowcy, kt\u00f3ry&hellip;  Read more","og_url":"http:\/\/wartakielce.pl\/?page_id=265","og_site_name":"DORADCA JACEK CHMIELEWSKI TEL. 504-511-833","article_modified_time":"2021-07-24T17:11:28+00:00","og_image":[{"url":"http:\/\/wartakielce.pl\/wp-content\/uploads\/elementor\/thumbs\/warta_logo-p5fbslmx0cscq888as2ep4gdan42zbjznfgej2d7wg.jpg","type":"","width":"","height":""}],"twitter_card":"summary_large_image","twitter_misc":{"Szacowany czas czytania":"2 minuty"},"schema":{"@context":"https:\/\/schema.org","@graph":[{"@type":"WebPage","@id":"http:\/\/wartakielce.pl\/?page_id=265","url":"http:\/\/wartakielce.pl\/?page_id=265","name":"PODR\u00d3\u017b - DORADCA JACEK CHMIELEWSKI TEL. 504-511-833","isPartOf":{"@id":"http:\/\/wartakielce.pl\/#website"},"primaryImageOfPage":{"@id":"http:\/\/wartakielce.pl\/?page_id=265#primaryimage"},"image":{"@id":"http:\/\/wartakielce.pl\/?page_id=265#primaryimage"},"thumbnailUrl":"http:\/\/wartakielce.pl\/wp-content\/uploads\/elementor\/thumbs\/warta_logo-p5fbslmx0cscq888as2ep4gdan42zbjznfgej2d7wg.jpg","datePublished":"2021-07-24T16:39:09+00:00","dateModified":"2021-07-24T17:11:28+00:00","breadcrumb":{"@id":"http:\/\/wartakielce.pl\/?page_id=265#breadcrumb"},"inLanguage":"pl-PL","potentialAction":[{"@type":"ReadAction","target":["http:\/\/wartakielce.pl\/?page_id=265"]}]},{"@type":"ImageObject","inLanguage":"pl-PL","@id":"http:\/\/wartakielce.pl\/?page_id=265#primaryimage","url":"http:\/\/wartakielce.pl\/wp-content\/uploads\/elementor\/thumbs\/warta_logo-p5fbslmx0cscq888as2ep4gdan42zbjznfgej2d7wg.jpg","contentUrl":"http:\/\/wartakielce.pl\/wp-content\/uploads\/elementor\/thumbs\/warta_logo-p5fbslmx0cscq888as2ep4gdan42zbjznfgej2d7wg.jpg"},{"@type":"BreadcrumbList","@id":"http:\/\/wartakielce.pl\/?page_id=265#breadcrumb","itemListElement":[{"@type":"ListItem","position":1,"name":"Strona g\u0142\u00f3wna","item":"http:\/\/wartakielce.pl\/"},{"@type":"ListItem","position":2,"name":"PODR\u00d3\u017b"}]},{"@type":"WebSite","@id":"http:\/\/wartakielce.pl\/#website","url":"http:\/\/wartakielce.pl\/","name":"DORADCA JACEK CHMIELEWSKI TEL. 504-511-833","description":"Strona doradcy ubezpieczeniowego Warty","publisher":{"@id":"http:\/\/wartakielce.pl\/#organization"},"potentialAction":[{"@type":"SearchAction","target":{"@type":"EntryPoint","urlTemplate":"http:\/\/wartakielce.pl\/?s={search_term_string}"},"query-input":{"@type":"PropertyValueSpecification","valueRequired":true,"valueName":"search_term_string"}}],"inLanguage":"pl-PL"},{"@type":"Organization","@id":"http:\/\/wartakielce.pl\/#organization","name":"FUH DORADCA Jacek Chmielewski","url":"http:\/\/wartakielce.pl\/","logo":{"@type":"ImageObject","inLanguage":"pl-PL","@id":"http:\/\/wartakielce.pl\/#\/schema\/logo\/image\/","url":"http:\/\/wartakielce.pl\/wp-content\/uploads\/2021\/04\/du_logo.png","contentUrl":"http:\/\/wartakielce.pl\/wp-content\/uploads\/2021\/04\/du_logo.png","width":1000,"height":250,"caption":"FUH DORADCA Jacek Chmielewski"},"image":{"@id":"http:\/\/wartakielce.pl\/#\/schema\/logo\/image\/"}}]}},"_links":{"self":[{"href":"http:\/\/wartakielce.pl\/index.php?rest_route=\/wp\/v2\/pages\/265","targetHints":{"allow":["GET"]}}],"collection":[{"href":"http:\/\/wartakielce.pl\/index.php?rest_route=\/wp\/v2\/pages"}],"about":[{"href":"http:\/\/wartakielce.pl\/index.php?rest_route=\/wp\/v2\/types\/page"}],"author":[{"embeddable":true,"href":"http:\/\/wartakielce.pl\/index.php?rest_route=\/wp\/v2\/users\/1"}],"replies":[{"embeddable":true,"href":"http:\/\/wartakielce.pl\/index.php?rest_route=%2Fwp%2Fv2%2Fcomments&post=265"}],"version-history":[{"count":7,"href":"http:\/\/wartakielce.pl\/index.php?rest_route=\/wp\/v2\/pages\/265\/revisions"}],"predecessor-version":[{"id":273,"href":"http:\/\/wartakielce.pl\/index.php?rest_route=\/wp\/v2\/pages\/265\/revisions\/273"}],"wp:attachment":[{"href":"http:\/\/wartakielce.pl\/index.php?rest_route=%2Fwp%2Fv2%2Fmedia&parent=265"}],"curies":[{"name":"wp","href":"https:\/\/api.w.org\/{rel}","templated":true}]}}